{"id":16,"date":"2026-02-06T15:08:51","date_gmt":"2026-02-06T15:08:51","guid":{"rendered":"https:\/\/pepimodayarreglos.rkinformatika.online\/?page_id=16"},"modified":"2026-02-06T15:55:30","modified_gmt":"2026-02-06T15:55:30","slug":"avis-legal","status":"publish","type":"page","link":"https:\/\/pepimodayarreglos.com\/es\/avis-legal\/","title":{"rendered":"Aviso legal"},"content":{"rendered":"<div data-elementor-type=\"wp-page\" data-elementor-id=\"16\" class=\"elementor elementor-16\" data-elementor-post-type=\"page\">\n\t\t\t\t\t\t<section class=\"elementor-section elementor-inner-section elementor-element elementor-element-f85094c elementor-section-height-default elementor-section-boxed elementor-section-height-default\" data-id=\"f85094c\" data-element_type=\"section\" data-e-type=\"section\">\n\t\t\t\t\t\t<div class=\"elementor-container elementor-column-gap-default\">\n\t\t\t\t\t<div class=\"elementor-column elementor-col-100 elementor-top-column elementor-element elementor-element-7532882\" data-id=\"7532882\" data-element_type=\"column\" data-e-type=\"column\">\n\t\t\t<div class=\"elementor-widget-wrap elementor-element-populated\">\n\t\t\t\t\t\t<div class=\"elementor-element elementor-element-5dda8ba elementor-widget elementor-widget-text-editor\" data-id=\"5dda8ba\" data-element_type=\"widget\" data-e-type=\"widget\" data-widget_type=\"text-editor.default\">\n\t\t\t\t\t\t\t\t\t<h2 data-start=\"91\" data-end=\"104\">AV\u00cdS LEGAL<\/h2><p data-start=\"106\" data-end=\"351\">En compliment de la <strong data-start=\"126\" data-end=\"233\">Llei 34\/2002, de 11 de juliol, de Serveis de la Societat de la Informaci\u00f3 i Comer\u00e7 Electr\u00f2nic (LSSI CE)<\/strong>, informem els usuaris sobre les dades i condicions d\u2019\u00fas de <strong data-start=\"293\" data-end=\"317\">Pepi Moda i Arreglos<\/strong>, propiet\u00e0ria d\u2019aquest lloc web:<\/p><ul data-start=\"353\" data-end=\"686\"><li data-start=\"353\" data-end=\"410\"><p data-start=\"355\" data-end=\"410\"><strong data-start=\"355\" data-end=\"378\">Denominaci\u00f3 social:<\/strong> Mar\u00eda Josefa Guti\u00e9rrez Parejo<\/p><\/li><li data-start=\"411\" data-end=\"454\"><p data-start=\"413\" data-end=\"454\"><strong data-start=\"413\" data-end=\"431\">Nom comercial:<\/strong> Pepi Moda i Arreglos<\/p><\/li><li data-start=\"455\" data-end=\"528\"><p data-start=\"457\" data-end=\"528\"><strong data-start=\"457\" data-end=\"477\">Domicili social:<\/strong> Carrer de Solsona, 23, 08227 Terrassa, Barcelona<\/p><\/li><li data-start=\"529\" data-end=\"551\"><p data-start=\"531\" data-end=\"551\"><strong data-start=\"531\" data-end=\"539\">NIF:<\/strong> 39181715L<\/p><\/li><li data-start=\"552\" data-end=\"580\"><p data-start=\"554\" data-end=\"580\"><strong data-start=\"554\" data-end=\"566\">Tel\u00e8fon:<\/strong> 687 542 959<\/p><\/li><li data-start=\"581\" data-end=\"637\"><p data-start=\"583\" data-end=\"637\"><strong data-start=\"583\" data-end=\"605\">Correu electr\u00f2nic:<\/strong> <a class=\"decorated-link cursor-pointer\" rel=\"noopener\" data-start=\"606\" data-end=\"635\">pepigutierrezparejo@gmail.com<\/a><\/p><\/li><li data-start=\"638\" data-end=\"686\"><p data-start=\"640\" data-end=\"686\"><strong data-start=\"640\" data-end=\"658\">Nom de domini:<\/strong> <a class=\"decorated-link\" href=\"https:\/\/pepimodayarreglos.com\/es\/\" target=\"_new\" rel=\"noopener\" data-start=\"659\" data-end=\"684\">www.pepimodayarreglos.com<\/a><\/p><\/li><\/ul><p data-start=\"688\" data-end=\"896\">L\u2019\u00fas d\u2019aquest lloc web confereix la condici\u00f3 d\u2019<strong data-start=\"735\" data-end=\"745\">Usuari<\/strong>, la qual cosa significa que accepteu els termes i condicions establerts a continuaci\u00f3 i us comprometeu a no utilitzar-lo per a finalitats il\u00b7legals.<\/p><hr data-start=\"898\" data-end=\"901\" \/><h3 data-start=\"903\" data-end=\"914\">OBJECTE<\/h3><p data-start=\"915\" data-end=\"1039\">A trav\u00e9s del lloc web, oferim als Usuaris la possibilitat d\u2019accedir a la informaci\u00f3 sobre els nostres serveis i productes.<\/p><p data-start=\"1041\" data-end=\"1253\">Tota persona que accedeixi a aquest lloc web assumeix el paper d\u2019usuari, comprometent-se a observar i complir estrictament les disposicions aqu\u00ed establertes, aix\u00ed com qualsevol altra disposici\u00f3 legal aplicable.<\/p><p data-start=\"1255\" data-end=\"1458\"><strong data-start=\"1255\" data-end=\"1279\">Pepi Moda i Arreglos<\/strong> es reserva el dret de modificar qualsevol informaci\u00f3 que aparegui al lloc web, sense l\u2019obligaci\u00f3 de preavisar els usuaris, entenent-se suficient la seva publicaci\u00f3 al lloc web.<\/p><hr data-start=\"1460\" data-end=\"1463\" \/><h3 data-start=\"1465\" data-end=\"1497\">CONDICIONS D\u2019\u00daS: OBLIGACIONS<\/h3><p data-start=\"1499\" data-end=\"1525\">L\u2019Usuari es compromet a:<\/p><ol data-start=\"1527\" data-end=\"2170\"><li data-start=\"1527\" data-end=\"1800\"><p data-start=\"1530\" data-end=\"1626\">Fer un <strong data-start=\"1537\" data-end=\"1559\">\u00fas adequat i l\u00edcit<\/strong> de l\u2019Espai Web, aix\u00ed com dels continguts i serveis, d\u2019acord amb:<\/p><ul data-start=\"1630\" data-end=\"1800\"><li data-start=\"1630\" data-end=\"1672\"><p data-start=\"1632\" data-end=\"1672\">La legislaci\u00f3 aplicable en cada moment<\/p><\/li><li data-start=\"1676\" data-end=\"1723\"><p data-start=\"1678\" data-end=\"1723\">Les Condicions Generals d\u2019\u00das de l\u2019Espai Web<\/p><\/li><li data-start=\"1727\" data-end=\"1778\"><p data-start=\"1729\" data-end=\"1778\">La moral i bones costums generalment acceptades<\/p><\/li><li data-start=\"1782\" data-end=\"1800\"><p data-start=\"1784\" data-end=\"1800\">L\u2019ordre p\u00fablic<\/p><\/li><\/ul><\/li><li data-start=\"1802\" data-end=\"1899\"><p data-start=\"1805\" data-end=\"1899\">Proveir-se de tots els <strong data-start=\"1828\" data-end=\"1859\">mitjans i requisits t\u00e8cnics<\/strong> necessaris per accedir a l\u2019Espai Web.<\/p><\/li><li data-start=\"1901\" data-end=\"2170\"><p data-start=\"1904\" data-end=\"2170\">Facilitar <strong data-start=\"1914\" data-end=\"1934\">informaci\u00f3 vera\u00e7<\/strong> en completar les dades de car\u00e0cter personal als formularis del lloc web i mantenir-les actualitzades. L\u2019Usuari ser\u00e0 l\u2019\u00fanic responsable de les declaracions falses o inexactes i dels danys que aix\u00f2 pugui causar a l\u2019empresa o a tercers.<\/p><\/li><\/ol><hr data-start=\"2172\" data-end=\"2175\" \/><h3 data-start=\"2177\" data-end=\"2198\">RESTRICCIONS D\u2019\u00daS<\/h3><p data-start=\"2200\" data-end=\"2231\">L\u2019Usuari ha d\u2019abstenir-se de:<\/p><ul data-start=\"2233\" data-end=\"3226\"><li data-start=\"2233\" data-end=\"2411\"><p data-start=\"2235\" data-end=\"2411\">Fer un \u00fas <strong data-start=\"2245\" data-end=\"2275\">no autoritzat o fraudulent<\/strong> de l\u2019Espai Web o dels continguts amb finalitats il\u00b7l\u00edcites o que puguin danyar, sobrecarregar o inutilitzar els serveis o continguts.<\/p><\/li><li data-start=\"2412\" data-end=\"2464\"><p data-start=\"2414\" data-end=\"2464\">Accedir a <strong data-start=\"2424\" data-end=\"2446\">\u00e0rees restringides<\/strong> sense permisos.<\/p><\/li><li data-start=\"2465\" data-end=\"2554\"><p data-start=\"2467\" data-end=\"2554\">Provocar <strong data-start=\"2476\" data-end=\"2514\">danys als sistemes f\u00edsics o l\u00f2gics<\/strong> de l\u2019Espai Web, prove\u00efdors o tercers.<\/p><\/li><li data-start=\"2555\" data-end=\"2644\"><p data-start=\"2557\" data-end=\"2644\">Introduir o difondre <strong data-start=\"2578\" data-end=\"2599\">virus inform\u00e0tics<\/strong> o altres sistemes que puguin causar danys.<\/p><\/li><li data-start=\"2645\" data-end=\"2732\"><p data-start=\"2647\" data-end=\"2732\">Accedir, utilitzar o manipular <strong data-start=\"2678\" data-end=\"2729\">dades de l\u2019empresa, prove\u00efdors o altres usuaris<\/strong>.<\/p><\/li><li data-start=\"2733\" data-end=\"2835\"><p data-start=\"2735\" data-end=\"2835\">Reproduir, copiar, distribuir o transformar els continguts sense autoritzaci\u00f3 o l\u00edcitament perm\u00e8s.<\/p><\/li><li data-start=\"2836\" data-end=\"2964\"><p data-start=\"2838\" data-end=\"2964\">Suprimir o manipular <strong data-start=\"2859\" data-end=\"2908\">notes de propietat intel\u00b7lectual o industrial<\/strong> o mecanismes de protecci\u00f3 incorporats als continguts.<\/p><\/li><li data-start=\"2965\" data-end=\"3041\"><p data-start=\"2967\" data-end=\"3041\">Obtenir continguts per mitjans diferents dels disponibles i autoritzats.<\/p><\/li><li data-start=\"3042\" data-end=\"3226\"><p data-start=\"3044\" data-end=\"3226\">Transmetre informaci\u00f3 o materials contraris a la llei, la moral, els drets fonamentals, la salut o la seguretat, inclosos continguts discriminatori, violents, ofensius o amb virus.<\/p><\/li><\/ul><p data-start=\"3228\" data-end=\"3464\">Si l\u2019acc\u00e9s a serveis o continguts requereix <strong data-start=\"3272\" data-end=\"3288\">contrassenya<\/strong>, l\u2019Usuari s\u2019obliga a mantenir-la secreta, no cedir-la a tercers i notificar qualsevol \u00fas indegut. L\u2019Usuari ser\u00e0 responsable de qualsevol \u00fas il\u00b7l\u00edcit de la seva contrassenya.<\/p><p data-start=\"3466\" data-end=\"3582\">En cas d\u2019incompliment negligent o dol\u00f3s de les obligacions, l\u2019Usuari respondr\u00e0 dels danys i perjudicis ocasionats.<\/p><hr data-start=\"3584\" data-end=\"3587\" \/><h3 data-start=\"3589\" data-end=\"3626\">CONDICIONS D\u2019\u00daS: RESPONSABILITATS<\/h3><p data-start=\"3628\" data-end=\"3782\">L\u2019empresa no garanteix l\u2019acc\u00e9s continuat ni la correcta visualitzaci\u00f3, desc\u00e0rrega o utilitat dels continguts si existeixen factors fora del seu control.<\/p><p data-start=\"3784\" data-end=\"3930\">L\u2019empresa podr\u00e0 interrompre el servei o finalitzar immediatament la relaci\u00f3 amb l\u2019Usuari si detecta un \u00fas contrari a les condicions establertes.<\/p><p data-start=\"3932\" data-end=\"3977\">No es responsabilitza de danys derivats de:<\/p><ul data-start=\"3979\" data-end=\"4194\"><li data-start=\"3979\" data-end=\"4063\"><p data-start=\"3981\" data-end=\"4063\">Interfer\u00e8ncies, interrupcions, fallades o desconnexions en el sistema electr\u00f2nic<\/p><\/li><li data-start=\"4064\" data-end=\"4106\"><p data-start=\"4066\" data-end=\"4106\">Intromissions amb programes maliciosos<\/p><\/li><li data-start=\"4107\" data-end=\"4130\"><p data-start=\"4109\" data-end=\"4130\">Ab\u00fas de l\u2019Espai Web<\/p><\/li><li data-start=\"4131\" data-end=\"4194\"><p data-start=\"4133\" data-end=\"4194\">Errors de navegaci\u00f3 o \u00fas de versions antigues del navegador<\/p><\/li><\/ul><p data-start=\"4196\" data-end=\"4373\">L\u2019empresa exclou qualsevol responsabilitat per danys derivats de l\u2019\u00fas indegut dels serveis de lliure acc\u00e9s o de les dades proporcionades a trav\u00e9s dels formularis del lloc web.<\/p><p data-start=\"4375\" data-end=\"4585\">L\u2019Usuari mantindr\u00e0 indemne l\u2019empresa davant reclamacions de tercers per l\u2019\u00fas de l\u2019Espai Web, incloent l\u2019\u00fas de \u201crobots\u201d, \u201cspiders\u201d o eines similars que imposin una c\u00e0rrega irrazonable al funcionament del lloc.<\/p><hr data-start=\"4587\" data-end=\"4590\" \/><h3 data-start=\"4592\" data-end=\"4608\">HIPERVINCLES<\/h3><p data-start=\"4610\" data-end=\"4702\">L\u2019Usuari no podr\u00e0 reproduir l\u2019Espai Web ni els continguts sense <strong data-start=\"4674\" data-end=\"4699\">autoritzaci\u00f3 expressa<\/strong>.<\/p><p data-start=\"4704\" data-end=\"4906\">L\u2019Espai Web pot incloure enlla\u00e7os a altres llocs gestionats per tercers. L\u2019empresa <strong data-start=\"4787\" data-end=\"4826\">no es responsabilitza del contingut<\/strong> ni actua com a garante ni oferidor dels serveis o informaci\u00f3 d\u2019aquests llocs.<\/p><p data-start=\"4908\" data-end=\"5131\">Es concedeix un <strong data-start=\"4924\" data-end=\"4965\">dret limitat, revocable i no exclusiu<\/strong> per crear enlla\u00e7os a la p\u00e0gina principal per a \u00fas privat i no comercial, complint condicions de contingut, autenticitat i limitaci\u00f3 d\u2019enlla\u00e7 a la p\u00e0gina principal.<\/p><hr data-start=\"5133\" data-end=\"5136\" \/><h3 data-start=\"5138\" data-end=\"5153\">FOR\u00c7A MAJOR<\/h3><p data-start=\"5155\" data-end=\"5369\">L\u2019empresa no ser\u00e0 responsable si no pot prestar serveis per causes de <strong data-start=\"5225\" data-end=\"5240\">for\u00e7a major<\/strong>, incloent interrupcions el\u00e8ctriques, telecomunicacions, conflictes socials, huelgues, cat\u00e0strofes naturals o actes del govern.<\/p><hr data-start=\"5371\" data-end=\"5374\" \/><h3 data-start=\"5376\" data-end=\"5416\">PROPIETAT INDUSTRIAL I INTEL\u00b7LECTUAL<\/h3><p data-start=\"5418\" data-end=\"5689\">L\u2019Usuari reconeix que tots els continguts, dissenys, textos, imatges, logotips, botons, programes i altres elements del lloc web estan protegits per <strong data-start=\"5567\" data-end=\"5616\">drets de propietat intel\u00b7lectual i industrial<\/strong>, i s\u00f3n propietat exclusiva de l\u2019empresa o de tercers amb autoritzaci\u00f3.<\/p><p data-start=\"5691\" data-end=\"5883\">L\u2019Usuari es compromet a <strong data-start=\"5715\" data-end=\"5791\">no reproduir, distribuir, comunicar p\u00fablicament, transformar o modificar<\/strong> aquests continguts sense autoritzaci\u00f3, mantenint indemne a l\u2019empresa davant reclamacions.<\/p><p data-start=\"5885\" data-end=\"6020\">L\u2019acc\u00e9s al lloc <strong data-start=\"5901\" data-end=\"5960\">no implica cap transmissi\u00f3, llic\u00e8ncia o cessi\u00f3 de drets<\/strong>. Qualsevol \u00fas addicional requereix autoritzaci\u00f3 expressa.<\/p><hr data-start=\"6022\" data-end=\"6025\" \/><h3 data-start=\"6027\" data-end=\"6059\">LLEI APLICABLE I JURISDICCI\u00d3<\/h3><p data-start=\"6061\" data-end=\"6256\">Per a la resoluci\u00f3 de controv\u00e8rsies relacionades amb aquest lloc web, ser\u00e0 d\u2019aplicaci\u00f3 la <strong data-start=\"6151\" data-end=\"6175\">legislaci\u00f3 espanyola<\/strong>, i la jurisdicci\u00f3 corresponent ser\u00e0 <strong data-start=\"6212\" data-end=\"6253\">els Jutjats i Tribunals del Pa\u00eds Basc<\/strong>.<\/p>\t\t\t\t\t\t\t\t<\/div>\n\t\t\t\t\t<\/div>\n\t\t<\/div>\n\t\t\t\t\t<\/div>\n\t\t<\/section>\n\t\t\t\t<\/div>","protected":false},"excerpt":{"rendered":"<p>AV\u00cdS LEGAL En compliment de la Llei 34\/2002, de 11 de juliol, de Serveis de la Societat de la Informaci\u00f3 i Comer\u00e7 Electr\u00f2nic (LSSI CE), informem els usuaris sobre les dades i condicions d\u2019\u00fas de Pepi Moda i Arreglos, propiet\u00e0ria d\u2019aquest lloc web: Denominaci\u00f3 social: Mar\u00eda Josefa Guti\u00e9rrez Parejo Nom comercial: Pepi Moda i Arreglos [&hellip;]<\/p>\n","protected":false},"author":1,"featured_media":0,"parent":0,"menu_order":0,"comment_status":"closed","ping_status":"closed","template":"elementor_canvas","meta":{"footnotes":""},"class_list":["post-16","page","type-page","status-publish","hentry"],"yoast_head":"<!-- This site is optimized with the Yoast SEO plugin v27.3 - https:\/\/yoast.com\/product\/yoast-seo-wordpress\/ -->\n<title>Av\u00eds legal - Pepi Moda y Arreglos<\/title>\n<meta name=\"robots\" content=\"index, follow, max-snippet:-1, max-image-preview:large, max-video-preview:-1\" \/>\n<link rel=\"canonical\" href=\"https:\/\/pepimodayarreglos.com\/es\/avis-legal\/\" \/>\n<meta property=\"og:locale\" content=\"es_ES\" \/>\n<meta property=\"og:type\" content=\"article\" \/>\n<meta property=\"og:title\" content=\"Av\u00eds legal - Pepi Moda y Arreglos\" \/>\n<meta property=\"og:description\" content=\"AV\u00cdS LEGAL En compliment de la Llei 34\/2002, de 11 de juliol, de Serveis de la Societat de la Informaci\u00f3 i Comer\u00e7 Electr\u00f2nic (LSSI CE), informem els usuaris sobre les dades i condicions d\u2019\u00fas de Pepi Moda i Arreglos, propiet\u00e0ria d\u2019aquest lloc web: Denominaci\u00f3 social: Mar\u00eda Josefa Guti\u00e9rrez Parejo Nom comercial: Pepi Moda i Arreglos [&hellip;]\" \/>\n<meta property=\"og:url\" content=\"https:\/\/pepimodayarreglos.com\/es\/avis-legal\/\" \/>\n<meta property=\"og:site_name\" content=\"Pepi Moda y Arreglos\" \/>\n<meta property=\"article:modified_time\" content=\"2026-02-06T15:55:30+00:00\" \/>\n<meta name=\"twitter:card\" content=\"summary_large_image\" \/>\n<meta name=\"twitter:label1\" content=\"Tiempo de lectura\" \/>\n\t<meta name=\"twitter:data1\" content=\"4 minutos\" \/>\n<script type=\"application\/ld+json\" class=\"yoast-schema-graph\">{\"@context\":\"https:\\\/\\\/schema.org\",\"@graph\":[{\"@type\":\"WebPage\",\"@id\":\"https:\\\/\\\/pepimodayarreglos.com\\\/avis-legal\\\/\",\"url\":\"https:\\\/\\\/pepimodayarreglos.com\\\/avis-legal\\\/\",\"name\":\"Av\u00eds legal - Pepi Moda y Arreglos\",\"isPartOf\":{\"@id\":\"https:\\\/\\\/pepimodayarreglos.com\\\/#website\"},\"datePublished\":\"2026-02-06T15:08:51+00:00\",\"dateModified\":\"2026-02-06T15:55:30+00:00\",\"breadcrumb\":{\"@id\":\"https:\\\/\\\/pepimodayarreglos.com\\\/avis-legal\\\/#breadcrumb\"},\"inLanguage\":\"es\",\"potentialAction\":[{\"@type\":\"ReadAction\",\"target\":[\"https:\\\/\\\/pepimodayarreglos.com\\\/avis-legal\\\/\"]}]},{\"@type\":\"BreadcrumbList\",\"@id\":\"https:\\\/\\\/pepimodayarreglos.com\\\/avis-legal\\\/#breadcrumb\",\"itemListElement\":[{\"@type\":\"ListItem\",\"position\":1,\"name\":\"Portada\",\"item\":\"https:\\\/\\\/pepimodayarreglos.com\\\/\"},{\"@type\":\"ListItem\",\"position\":2,\"name\":\"Av\u00eds legal\"}]},{\"@type\":\"WebSite\",\"@id\":\"https:\\\/\\\/pepimodayarreglos.com\\\/#website\",\"url\":\"https:\\\/\\\/pepimodayarreglos.com\\\/\",\"name\":\"Pepi Moda y Arreglos\",\"description\":\"\",\"publisher\":{\"@id\":\"https:\\\/\\\/pepimodayarreglos.com\\\/#organization\"},\"potentialAction\":[{\"@type\":\"SearchAction\",\"target\":{\"@type\":\"EntryPoint\",\"urlTemplate\":\"https:\\\/\\\/pepimodayarreglos.com\\\/?s={search_term_string}\"},\"query-input\":{\"@type\":\"PropertyValueSpecification\",\"valueRequired\":true,\"valueName\":\"search_term_string\"}}],\"inLanguage\":\"es\"},{\"@type\":\"Organization\",\"@id\":\"https:\\\/\\\/pepimodayarreglos.com\\\/#organization\",\"name\":\"Pepi Moda y Arreglos\",\"url\":\"https:\\\/\\\/pepimodayarreglos.com\\\/\",\"logo\":{\"@type\":\"ImageObject\",\"inLanguage\":\"es\",\"@id\":\"https:\\\/\\\/pepimodayarreglos.com\\\/#\\\/schema\\\/logo\\\/image\\\/\",\"url\":\"https:\\\/\\\/pepimodayarreglos.com\\\/wp-content\\\/uploads\\\/2026\\\/02\\\/cropped-apepimodayarreglos202601_logo_web.png\",\"contentUrl\":\"https:\\\/\\\/pepimodayarreglos.com\\\/wp-content\\\/uploads\\\/2026\\\/02\\\/cropped-apepimodayarreglos202601_logo_web.png\",\"width\":2250,\"height\":2213,\"caption\":\"Pepi Moda y Arreglos\"},\"image\":{\"@id\":\"https:\\\/\\\/pepimodayarreglos.com\\\/#\\\/schema\\\/logo\\\/image\\\/\"}}]}<\/script>\n<!-- \/ Yoast SEO plugin. -->","yoast_head_json":{"title":"Av\u00eds legal - Pepi Moda y Arreglos","robots":{"index":"index","follow":"follow","max-snippet":"max-snippet:-1","max-image-preview":"max-image-preview:large","max-video-preview":"max-video-preview:-1"},"canonical":"https:\/\/pepimodayarreglos.com\/es\/avis-legal\/","og_locale":"es_ES","og_type":"article","og_title":"Av\u00eds legal - Pepi Moda y Arreglos","og_description":"AV\u00cdS LEGAL En compliment de la Llei 34\/2002, de 11 de juliol, de Serveis de la Societat de la Informaci\u00f3 i Comer\u00e7 Electr\u00f2nic (LSSI CE), informem els usuaris sobre les dades i condicions d\u2019\u00fas de Pepi Moda i Arreglos, propiet\u00e0ria d\u2019aquest lloc web: Denominaci\u00f3 social: Mar\u00eda Josefa Guti\u00e9rrez Parejo Nom comercial: Pepi Moda i Arreglos [&hellip;]","og_url":"https:\/\/pepimodayarreglos.com\/es\/avis-legal\/","og_site_name":"Pepi Moda y Arreglos","article_modified_time":"2026-02-06T15:55:30+00:00","twitter_card":"summary_large_image","twitter_misc":{"Tiempo de lectura":"4 minutos"},"schema":{"@context":"https:\/\/schema.org","@graph":[{"@type":"WebPage","@id":"https:\/\/pepimodayarreglos.com\/avis-legal\/","url":"https:\/\/pepimodayarreglos.com\/avis-legal\/","name":"Av\u00eds legal - Pepi Moda y Arreglos","isPartOf":{"@id":"https:\/\/pepimodayarreglos.com\/#website"},"datePublished":"2026-02-06T15:08:51+00:00","dateModified":"2026-02-06T15:55:30+00:00","breadcrumb":{"@id":"https:\/\/pepimodayarreglos.com\/avis-legal\/#breadcrumb"},"inLanguage":"es","potentialAction":[{"@type":"ReadAction","target":["https:\/\/pepimodayarreglos.com\/avis-legal\/"]}]},{"@type":"BreadcrumbList","@id":"https:\/\/pepimodayarreglos.com\/avis-legal\/#breadcrumb","itemListElement":[{"@type":"ListItem","position":1,"name":"Portada","item":"https:\/\/pepimodayarreglos.com\/"},{"@type":"ListItem","position":2,"name":"Av\u00eds legal"}]},{"@type":"WebSite","@id":"https:\/\/pepimodayarreglos.com\/#website","url":"https:\/\/pepimodayarreglos.com\/","name":"Pepi Moda y Arreglos","description":"","publisher":{"@id":"https:\/\/pepimodayarreglos.com\/#organization"},"potentialAction":[{"@type":"SearchAction","target":{"@type":"EntryPoint","urlTemplate":"https:\/\/pepimodayarreglos.com\/?s={search_term_string}"},"query-input":{"@type":"PropertyValueSpecification","valueRequired":true,"valueName":"search_term_string"}}],"inLanguage":"es"},{"@type":"Organization","@id":"https:\/\/pepimodayarreglos.com\/#organization","name":"Pepi Moda y Arreglos","url":"https:\/\/pepimodayarreglos.com\/","logo":{"@type":"ImageObject","inLanguage":"es","@id":"https:\/\/pepimodayarreglos.com\/#\/schema\/logo\/image\/","url":"https:\/\/pepimodayarreglos.com\/wp-content\/uploads\/2026\/02\/cropped-apepimodayarreglos202601_logo_web.png","contentUrl":"https:\/\/pepimodayarreglos.com\/wp-content\/uploads\/2026\/02\/cropped-apepimodayarreglos202601_logo_web.png","width":2250,"height":2213,"caption":"Pepi Moda y Arreglos"},"image":{"@id":"https:\/\/pepimodayarreglos.com\/#\/schema\/logo\/image\/"}}]}},"_links":{"self":[{"href":"https:\/\/pepimodayarreglos.com\/es\/wp-json\/wp\/v2\/pages\/16","targetHints":{"allow":["GET"]}}],"collection":[{"href":"https:\/\/pepimodayarreglos.com\/es\/wp-json\/wp\/v2\/pages"}],"about":[{"href":"https:\/\/pepimodayarreglos.com\/es\/wp-json\/wp\/v2\/types\/page"}],"author":[{"embeddable":true,"href":"https:\/\/pepimodayarreglos.com\/es\/wp-json\/wp\/v2\/users\/1"}],"replies":[{"embeddable":true,"href":"https:\/\/pepimodayarreglos.com\/es\/wp-json\/wp\/v2\/comments?post=16"}],"version-history":[{"count":5,"href":"https:\/\/pepimodayarreglos.com\/es\/wp-json\/wp\/v2\/pages\/16\/revisions"}],"predecessor-version":[{"id":63,"href":"https:\/\/pepimodayarreglos.com\/es\/wp-json\/wp\/v2\/pages\/16\/revisions\/63"}],"wp:attachment":[{"href":"https:\/\/pepimodayarreglos.com\/es\/wp-json\/wp\/v2\/media?parent=16"}],"curies":[{"name":"wp","href":"https:\/\/api.w.org\/{rel}","templated":true}]}}