{"id":15,"date":"2026-02-06T15:08:31","date_gmt":"2026-02-06T15:08:31","guid":{"rendered":"https:\/\/pepimodayarreglos.rkinformatika.online\/?page_id=15"},"modified":"2026-02-06T15:51:10","modified_gmt":"2026-02-06T15:51:10","slug":"accessibilitat","status":"publish","type":"page","link":"https:\/\/pepimodayarreglos.com\/es\/accessibilitat\/","title":{"rendered":"Accesibilidad"},"content":{"rendered":"<div data-elementor-type=\"wp-page\" data-elementor-id=\"15\" class=\"elementor elementor-15\" data-elementor-post-type=\"page\">\n\t\t\t\t\t\t<section class=\"elementor-section elementor-inner-section elementor-element elementor-element-a242018 elementor-section-height-default elementor-section-boxed elementor-section-height-default\" data-id=\"a242018\" data-element_type=\"section\" data-e-type=\"section\">\n\t\t\t\t\t\t<div class=\"elementor-container elementor-column-gap-default\">\n\t\t\t\t\t<div class=\"elementor-column elementor-col-100 elementor-top-column elementor-element elementor-element-e79ab73\" data-id=\"e79ab73\" data-element_type=\"column\" data-e-type=\"column\">\n\t\t\t<div class=\"elementor-widget-wrap elementor-element-populated\">\n\t\t\t\t\t\t<div class=\"elementor-element elementor-element-750fec6 elementor-widget elementor-widget-text-editor\" data-id=\"750fec6\" data-element_type=\"widget\" data-e-type=\"widget\" data-widget_type=\"text-editor.default\">\n\t\t\t\t\t\t\t\t\t<h2 data-start=\"85\" data-end=\"102\">ACCESSIBILITAT<\/h2>\n<p data-start=\"104\" data-end=\"334\"><strong data-start=\"104\" data-end=\"128\">Pepi Moda i Arreglos<\/strong> s\u2019ha comprom\u00e8s a fer accessible el seu lloc web, d\u2019acord amb el <strong data-start=\"193\" data-end=\"237\">Reial decret 1112\/2018, de 7 de setembre<\/strong>, sobre accessibilitat dels llocs web i aplicacions per a dispositius m\u00f2bils del sector p\u00fablic.<\/p>\n<p data-start=\"336\" data-end=\"431\">La present declaraci\u00f3 d\u2019accessibilitat s\u2019aplica al lloc web: <strong data-start=\"397\" data-end=\"431\"><a class=\"decorated-link\" href=\"https:\/\/pepimodayarreglos.com\/es\/\" target=\"_new\" rel=\"noopener\" data-start=\"399\" data-end=\"429\">https:\/\/pepimodayarreglos.com\/<\/a><\/strong><\/p>\n<h3 data-start=\"433\" data-end=\"459\">Situaci\u00f3 de compliment<\/h3>\n<p data-start=\"460\" data-end=\"524\">Aquest lloc web \u00e9s <strong data-start=\"479\" data-end=\"523\">parcialment conforme amb el RD 1112\/2018<\/strong>.<\/p>\n<h3 data-start=\"526\" data-end=\"582\">Preparaci\u00f3 de la seg\u00fcent declaraci\u00f3 d\u2019accessibilitat<\/h3>\n<p data-start=\"583\" data-end=\"652\">La present declaraci\u00f3 va ser preparada el <strong data-start=\"625\" data-end=\"649\">06 de febrer de 2026<\/strong>.<\/p>\n<p data-start=\"654\" data-end=\"763\">El m\u00e8tode emprat per preparar la declaraci\u00f3 ha estat una <strong data-start=\"711\" data-end=\"762\">autoavaluaci\u00f3 realitzada per l\u2019organisme mateix<\/strong>.<\/p>\n<h3 data-start=\"765\" data-end=\"801\">Observacions i dades de contacte<\/h3>\n<p data-start=\"802\" data-end=\"912\">Podeu fer comunicacions sobre requisits d\u2019accessibilitat (article 10.2.a del RD 1112\/2018), com per exemple:<\/p>\n<ul data-start=\"914\" data-end=\"1150\">\n<li data-start=\"914\" data-end=\"991\">\n<p data-start=\"916\" data-end=\"991\">Informar sobre qualsevol possible incompliment per part d\u2019aquest lloc web<\/p>\n<\/li>\n<li data-start=\"992\" data-end=\"1046\">\n<p data-start=\"994\" data-end=\"1046\">Transmetre altres dificultats d\u2019acc\u00e9s al contingut<\/p>\n<\/li>\n<li data-start=\"1047\" data-end=\"1150\">\n<p data-start=\"1049\" data-end=\"1150\">Formular qualsevol altra consulta o suggeriment de millora relativa a l\u2019accessibilitat del lloc web<\/p>\n<\/li>\n<\/ul>\n<p data-start=\"1152\" data-end=\"1250\">A trav\u00e9s del <strong data-start=\"1165\" data-end=\"1190\">formulari de contacte<\/strong> del lloc web o al n\u00famero de tel\u00e8fon <strong data-start=\"1227\" data-end=\"1248\">(+34) 687 542 959<\/strong><\/p>\n<p data-start=\"1252\" data-end=\"1270\">Podeu presentar:<\/p>\n<ul data-start=\"1272\" data-end=\"1645\">\n<li data-start=\"1272\" data-end=\"1344\">\n<p data-start=\"1274\" data-end=\"1344\"><strong data-start=\"1274\" data-end=\"1339\">Queixa relativa al compliment dels requisits del RD 1112\/2018<\/strong>, o<\/p>\n<\/li>\n<li data-start=\"1345\" data-end=\"1645\">\n<p data-start=\"1347\" data-end=\"1400\"><strong data-start=\"1347\" data-end=\"1386\">Sol\u00b7licitud d\u2019informaci\u00f3 accessible<\/strong> relativa a:<\/p>\n<ul data-start=\"1403\" data-end=\"1645\">\n<li data-start=\"1403\" data-end=\"1522\">\n<p data-start=\"1405\" data-end=\"1522\">Continguts que estan exclosos de l\u2019\u00e0mbit d\u2019aplicaci\u00f3 del RD 1112\/2018 segons l\u2019establert per l\u2019article 3, apartat 4<\/p>\n<\/li>\n<li data-start=\"1525\" data-end=\"1645\">\n<p data-start=\"1527\" data-end=\"1645\">Continguts que estan exempts del compliment dels requisits d\u2019accessibilitat per imposar una c\u00e0rrega desproporcionada<\/p>\n<\/li>\n<\/ul>\n<\/li>\n<\/ul>\n<p data-start=\"1647\" data-end=\"1833\">En la sol\u00b7licitud d\u2019informaci\u00f3 accessible, s\u2019ha de concretar amb tota claredat els fets, raons i petici\u00f3 que permetin constatar que es tracta d\u2019una <strong data-start=\"1795\" data-end=\"1830\">sol\u00b7licitud raonable i leg\u00edtima<\/strong>.<\/p>\n<p data-start=\"1835\" data-end=\"2086\">Les queixes i reclamacions sobre informaci\u00f3 accessible es realitzaran a trav\u00e9s de la <strong data-start=\"1920\" data-end=\"1940\">sede electr\u00f2nica<\/strong> (<strong data-start=\"1942\" data-end=\"1985\"><a class=\"decorated-link\" href=\"https:\/\/pepimodayarreglos.com\/es\/contacto\/\" target=\"_new\" rel=\"noopener\" data-start=\"1944\" data-end=\"1983\">https:\/\/pepimodayarreglos.com\/contacto\/<\/a><\/strong>), i seran rebudes i tractades per l\u2019\u00e0rea de <strong data-start=\"2030\" data-end=\"2083\">Sistemes de la Informaci\u00f3 de Pepi Moda i Arreglos<\/strong>.<\/p>\n<h3 data-start=\"2088\" data-end=\"2110\">Contingut opcional<\/h3>\n<p data-start=\"2111\" data-end=\"2288\">Aquest portal est\u00e0 dissenyat per <strong data-start=\"2144\" data-end=\"2189\">poder canviar la mida del text i el color<\/strong>, aix\u00ed com el fons de la p\u00e0gina mitjan\u00e7ant les opcions de configuraci\u00f3 est\u00e0ndard dels navegadors.<\/p>\n<p data-start=\"2290\" data-end=\"2406\">Si voleu canviar la mida de la lletra del text en els principals navegadors gr\u00e0fics, utilitzeu els seg\u00fcents men\u00fas:<\/p>\n<ul data-start=\"2408\" data-end=\"2606\">\n<li data-start=\"2408\" data-end=\"2475\">\n<p data-start=\"2410\" data-end=\"2475\"><strong data-start=\"2410\" data-end=\"2451\">Internet Explorer, Mozilla i Firefox:<\/strong> Veure &gt; Mida del text<\/p>\n<\/li>\n<li data-start=\"2476\" data-end=\"2503\">\n<p data-start=\"2478\" data-end=\"2503\"><strong data-start=\"2478\" data-end=\"2488\">Opera:<\/strong> Veure &gt; Zoom<\/p>\n<\/li>\n<li data-start=\"2504\" data-end=\"2548\">\n<p data-start=\"2506\" data-end=\"2548\"><strong data-start=\"2506\" data-end=\"2517\">Safari:<\/strong> Veure &gt; Fer el text m\u00e9s gran<\/p>\n<\/li>\n<li data-start=\"2549\" data-end=\"2606\">\n<p data-start=\"2551\" data-end=\"2606\"><strong data-start=\"2551\" data-end=\"2562\">Chrome:<\/strong> Controla la p\u00e0gina actual &gt; Mida del text<\/p>\n<\/li>\n<\/ul>\n<p data-start=\"2608\" data-end=\"2651\">Per modificar la mida de tot a la p\u00e0gina:<\/p>\n<ul data-start=\"2653\" data-end=\"2772\">\n<li data-start=\"2653\" data-end=\"2686\">\n<p data-start=\"2655\" data-end=\"2686\"><strong data-start=\"2655\" data-end=\"2667\">Ctrl + +<\/strong> per augmentar-la<\/p>\n<\/li>\n<li data-start=\"2687\" data-end=\"2720\">\n<p data-start=\"2689\" data-end=\"2720\"><strong data-start=\"2689\" data-end=\"2701\">Ctrl + \u2013<\/strong> per disminuir-la<\/p>\n<\/li>\n<li data-start=\"2721\" data-end=\"2772\">\n<p data-start=\"2723\" data-end=\"2772\"><strong data-start=\"2723\" data-end=\"2735\">Ctrl + 0<\/strong> restaura la mida original del text<\/p>\n<\/li>\n<\/ul>\n<p data-start=\"2774\" data-end=\"3022\">Si el que voleu \u00e9s anul\u00b7lar la <strong data-start=\"2805\" data-end=\"2823\">fulla d\u2019estils<\/strong> o modificar el color del text, podeu consultar la p\u00e0gina <strong data-start=\"2881\" data-end=\"2918\">How to Change Text Size or Colors<\/strong> de la WAI, que es pot llegir tradu\u00efda al castell\u00e0 a: <strong data-start=\"2972\" data-end=\"3020\">\u00bfCom canviar la mida del text o els colors?<\/strong><\/p>\t\t\t\t\t\t\t\t<\/div>\n\t\t\t\t\t<\/div>\n\t\t<\/div>\n\t\t\t\t\t<\/div>\n\t\t<\/section>\n\t\t\t\t<\/div>","protected":false},"excerpt":{"rendered":"<p>ACCESSIBILITAT Pepi Moda i Arreglos s\u2019ha comprom\u00e8s a fer accessible el seu lloc web, d\u2019acord amb el Reial decret 1112\/2018, de 7 de setembre, sobre accessibilitat dels llocs web i aplicacions per a dispositius m\u00f2bils del sector p\u00fablic. La present declaraci\u00f3 d\u2019accessibilitat s\u2019aplica al lloc web: https:\/\/pepimodayarreglos.com\/ Situaci\u00f3 de compliment Aquest lloc web \u00e9s parcialment [&hellip;]<\/p>\n","protected":false},"author":1,"featured_media":0,"parent":0,"menu_order":0,"comment_status":"closed","ping_status":"closed","template":"elementor_canvas","meta":{"footnotes":""},"class_list":["post-15","page","type-page","status-publish","hentry"],"yoast_head":"<!-- This site is optimized with the Yoast SEO plugin v27.3 - https:\/\/yoast.com\/product\/yoast-seo-wordpress\/ -->\n<title>Accessibilitat - Pepi Moda y Arreglos<\/title>\n<meta name=\"robots\" content=\"index, follow, max-snippet:-1, max-image-preview:large, max-video-preview:-1\" \/>\n<link rel=\"canonical\" href=\"https:\/\/pepimodayarreglos.com\/es\/accessibilitat\/\" \/>\n<meta property=\"og:locale\" content=\"es_ES\" \/>\n<meta property=\"og:type\" content=\"article\" \/>\n<meta property=\"og:title\" content=\"Accessibilitat - Pepi Moda y Arreglos\" \/>\n<meta property=\"og:description\" content=\"ACCESSIBILITAT Pepi Moda i Arreglos s\u2019ha comprom\u00e8s a fer accessible el seu lloc web, d\u2019acord amb el Reial decret 1112\/2018, de 7 de setembre, sobre accessibilitat dels llocs web i aplicacions per a dispositius m\u00f2bils del sector p\u00fablic. La present declaraci\u00f3 d\u2019accessibilitat s\u2019aplica al lloc web: https:\/\/pepimodayarreglos.com\/ Situaci\u00f3 de compliment Aquest lloc web \u00e9s parcialment [&hellip;]\" \/>\n<meta property=\"og:url\" content=\"https:\/\/pepimodayarreglos.com\/es\/accessibilitat\/\" \/>\n<meta property=\"og:site_name\" content=\"Pepi Moda y Arreglos\" \/>\n<meta property=\"article:modified_time\" content=\"2026-02-06T15:51:10+00:00\" \/>\n<meta name=\"twitter:card\" content=\"summary_large_image\" \/>\n<meta name=\"twitter:label1\" content=\"Tiempo de lectura\" \/>\n\t<meta name=\"twitter:data1\" content=\"2 minutos\" \/>\n<script type=\"application\/ld+json\" class=\"yoast-schema-graph\">{\"@context\":\"https:\\\/\\\/schema.org\",\"@graph\":[{\"@type\":\"WebPage\",\"@id\":\"https:\\\/\\\/pepimodayarreglos.com\\\/accessibilitat\\\/\",\"url\":\"https:\\\/\\\/pepimodayarreglos.com\\\/accessibilitat\\\/\",\"name\":\"Accessibilitat - Pepi Moda y Arreglos\",\"isPartOf\":{\"@id\":\"https:\\\/\\\/pepimodayarreglos.com\\\/#website\"},\"datePublished\":\"2026-02-06T15:08:31+00:00\",\"dateModified\":\"2026-02-06T15:51:10+00:00\",\"breadcrumb\":{\"@id\":\"https:\\\/\\\/pepimodayarreglos.com\\\/accessibilitat\\\/#breadcrumb\"},\"inLanguage\":\"es\",\"potentialAction\":[{\"@type\":\"ReadAction\",\"target\":[\"https:\\\/\\\/pepimodayarreglos.com\\\/accessibilitat\\\/\"]}]},{\"@type\":\"BreadcrumbList\",\"@id\":\"https:\\\/\\\/pepimodayarreglos.com\\\/accessibilitat\\\/#breadcrumb\",\"itemListElement\":[{\"@type\":\"ListItem\",\"position\":1,\"name\":\"Portada\",\"item\":\"https:\\\/\\\/pepimodayarreglos.com\\\/\"},{\"@type\":\"ListItem\",\"position\":2,\"name\":\"Accessibilitat\"}]},{\"@type\":\"WebSite\",\"@id\":\"https:\\\/\\\/pepimodayarreglos.com\\\/#website\",\"url\":\"https:\\\/\\\/pepimodayarreglos.com\\\/\",\"name\":\"Pepi Moda y Arreglos\",\"description\":\"\",\"publisher\":{\"@id\":\"https:\\\/\\\/pepimodayarreglos.com\\\/#organization\"},\"potentialAction\":[{\"@type\":\"SearchAction\",\"target\":{\"@type\":\"EntryPoint\",\"urlTemplate\":\"https:\\\/\\\/pepimodayarreglos.com\\\/?s={search_term_string}\"},\"query-input\":{\"@type\":\"PropertyValueSpecification\",\"valueRequired\":true,\"valueName\":\"search_term_string\"}}],\"inLanguage\":\"es\"},{\"@type\":\"Organization\",\"@id\":\"https:\\\/\\\/pepimodayarreglos.com\\\/#organization\",\"name\":\"Pepi Moda y Arreglos\",\"url\":\"https:\\\/\\\/pepimodayarreglos.com\\\/\",\"logo\":{\"@type\":\"ImageObject\",\"inLanguage\":\"es\",\"@id\":\"https:\\\/\\\/pepimodayarreglos.com\\\/#\\\/schema\\\/logo\\\/image\\\/\",\"url\":\"https:\\\/\\\/pepimodayarreglos.com\\\/wp-content\\\/uploads\\\/2026\\\/02\\\/cropped-apepimodayarreglos202601_logo_web.png\",\"contentUrl\":\"https:\\\/\\\/pepimodayarreglos.com\\\/wp-content\\\/uploads\\\/2026\\\/02\\\/cropped-apepimodayarreglos202601_logo_web.png\",\"width\":2250,\"height\":2213,\"caption\":\"Pepi Moda y Arreglos\"},\"image\":{\"@id\":\"https:\\\/\\\/pepimodayarreglos.com\\\/#\\\/schema\\\/logo\\\/image\\\/\"}}]}<\/script>\n<!-- \/ Yoast SEO plugin. -->","yoast_head_json":{"title":"Accessibilitat - Pepi Moda y Arreglos","robots":{"index":"index","follow":"follow","max-snippet":"max-snippet:-1","max-image-preview":"max-image-preview:large","max-video-preview":"max-video-preview:-1"},"canonical":"https:\/\/pepimodayarreglos.com\/es\/accessibilitat\/","og_locale":"es_ES","og_type":"article","og_title":"Accessibilitat - Pepi Moda y Arreglos","og_description":"ACCESSIBILITAT Pepi Moda i Arreglos s\u2019ha comprom\u00e8s a fer accessible el seu lloc web, d\u2019acord amb el Reial decret 1112\/2018, de 7 de setembre, sobre accessibilitat dels llocs web i aplicacions per a dispositius m\u00f2bils del sector p\u00fablic. La present declaraci\u00f3 d\u2019accessibilitat s\u2019aplica al lloc web: https:\/\/pepimodayarreglos.com\/ Situaci\u00f3 de compliment Aquest lloc web \u00e9s parcialment [&hellip;]","og_url":"https:\/\/pepimodayarreglos.com\/es\/accessibilitat\/","og_site_name":"Pepi Moda y Arreglos","article_modified_time":"2026-02-06T15:51:10+00:00","twitter_card":"summary_large_image","twitter_misc":{"Tiempo de lectura":"2 minutos"},"schema":{"@context":"https:\/\/schema.org","@graph":[{"@type":"WebPage","@id":"https:\/\/pepimodayarreglos.com\/accessibilitat\/","url":"https:\/\/pepimodayarreglos.com\/accessibilitat\/","name":"Accessibilitat - Pepi Moda y Arreglos","isPartOf":{"@id":"https:\/\/pepimodayarreglos.com\/#website"},"datePublished":"2026-02-06T15:08:31+00:00","dateModified":"2026-02-06T15:51:10+00:00","breadcrumb":{"@id":"https:\/\/pepimodayarreglos.com\/accessibilitat\/#breadcrumb"},"inLanguage":"es","potentialAction":[{"@type":"ReadAction","target":["https:\/\/pepimodayarreglos.com\/accessibilitat\/"]}]},{"@type":"BreadcrumbList","@id":"https:\/\/pepimodayarreglos.com\/accessibilitat\/#breadcrumb","itemListElement":[{"@type":"ListItem","position":1,"name":"Portada","item":"https:\/\/pepimodayarreglos.com\/"},{"@type":"ListItem","position":2,"name":"Accessibilitat"}]},{"@type":"WebSite","@id":"https:\/\/pepimodayarreglos.com\/#website","url":"https:\/\/pepimodayarreglos.com\/","name":"Pepi Moda y Arreglos","description":"","publisher":{"@id":"https:\/\/pepimodayarreglos.com\/#organization"},"potentialAction":[{"@type":"SearchAction","target":{"@type":"EntryPoint","urlTemplate":"https:\/\/pepimodayarreglos.com\/?s={search_term_string}"},"query-input":{"@type":"PropertyValueSpecification","valueRequired":true,"valueName":"search_term_string"}}],"inLanguage":"es"},{"@type":"Organization","@id":"https:\/\/pepimodayarreglos.com\/#organization","name":"Pepi Moda y Arreglos","url":"https:\/\/pepimodayarreglos.com\/","logo":{"@type":"ImageObject","inLanguage":"es","@id":"https:\/\/pepimodayarreglos.com\/#\/schema\/logo\/image\/","url":"https:\/\/pepimodayarreglos.com\/wp-content\/uploads\/2026\/02\/cropped-apepimodayarreglos202601_logo_web.png","contentUrl":"https:\/\/pepimodayarreglos.com\/wp-content\/uploads\/2026\/02\/cropped-apepimodayarreglos202601_logo_web.png","width":2250,"height":2213,"caption":"Pepi Moda y Arreglos"},"image":{"@id":"https:\/\/pepimodayarreglos.com\/#\/schema\/logo\/image\/"}}]}},"_links":{"self":[{"href":"https:\/\/pepimodayarreglos.com\/es\/wp-json\/wp\/v2\/pages\/15","targetHints":{"allow":["GET"]}}],"collection":[{"href":"https:\/\/pepimodayarreglos.com\/es\/wp-json\/wp\/v2\/pages"}],"about":[{"href":"https:\/\/pepimodayarreglos.com\/es\/wp-json\/wp\/v2\/types\/page"}],"author":[{"embeddable":true,"href":"https:\/\/pepimodayarreglos.com\/es\/wp-json\/wp\/v2\/users\/1"}],"replies":[{"embeddable":true,"href":"https:\/\/pepimodayarreglos.com\/es\/wp-json\/wp\/v2\/comments?post=15"}],"version-history":[{"count":12,"href":"https:\/\/pepimodayarreglos.com\/es\/wp-json\/wp\/v2\/pages\/15\/revisions"}],"predecessor-version":[{"id":59,"href":"https:\/\/pepimodayarreglos.com\/es\/wp-json\/wp\/v2\/pages\/15\/revisions\/59"}],"wp:attachment":[{"href":"https:\/\/pepimodayarreglos.com\/es\/wp-json\/wp\/v2\/media?parent=15"}],"curies":[{"name":"wp","href":"https:\/\/api.w.org\/{rel}","templated":true}]}}